{"id":337,"date":"2017-12-12T14:41:27","date_gmt":"2017-12-12T14:41:27","guid":{"rendered":"https:\/\/www.sociedadchilenadelimnologia.cl\/nuevo\/?page_id=337"},"modified":"2026-05-14T14:54:09","modified_gmt":"2026-05-14T14:54:09","slug":"home","status":"publish","type":"page","link":"https:\/\/www.sociedadchilenadelimnologia.cl\/nuevo\/","title":{"rendered":"Home"},"content":{"rendered":"\t\t<div data-elementor-type=\"wp-page\" data-elementor-id=\"337\" class=\"elementor elementor-337\">\n\t\t\t\t\t\t<section class=\"elementor-section elementor-top-section elementor-element elementor-element-2c4c2b8 elementor-section-boxed elementor-section-height-default elementor-section-height-default\" data-id=\"2c4c2b8\" data-element_type=\"section\" data-e-type=\"section\" data-settings=\"{&quot;background_background&quot;:&quot;classic&quot;}\">\n\t\t\t\t\t\t<div class=\"elementor-container elementor-column-gap-default\">\n\t\t\t\t\t<div class=\"elementor-column elementor-col-33 elementor-top-column elementor-element elementor-element-fd4388e\" data-id=\"fd4388e\" data-element_type=\"column\" data-e-type=\"column\">\n\t\t\t<div class=\"elementor-widget-wrap elementor-element-populated\">\n\t\t\t\t\t\t<div class=\"elementor-element elementor-element-2d546e3 elementor-widget elementor-widget-heading\" data-id=\"2d546e3\" data-element_type=\"widget\" data-e-type=\"widget\" data-widget_type=\"heading.default\">\n\t\t\t\t<div class=\"elementor-widget-container\">\n\t\t\t\t\t<h2 class=\"elementor-heading-title elementor-size-default\">Noticias<\/h2>\t\t\t\t<\/div>\n\t\t\t\t<\/div>\n\t\t\t\t\t<\/div>\n\t\t<\/div>\n\t\t\t\t<div class=\"elementor-column elementor-col-66 elementor-top-column elementor-element elementor-element-5c2dff1\" data-id=\"5c2dff1\" data-element_type=\"column\" data-e-type=\"column\">\n\t\t\t<div class=\"elementor-widget-wrap elementor-element-populated\">\n\t\t\t\t\t\t<div class=\"elementor-element elementor-element-010c6cb elementor-widget elementor-widget-ucaddon_post_grid\" data-id=\"010c6cb\" data-element_type=\"widget\" data-e-type=\"widget\" data-widget_type=\"ucaddon_post_grid.default\">\n\t\t\t\t<div class=\"elementor-widget-container\">\n\t\t\t\t\t\n<!-- start Post Grid -->\n\t\t<link id='font-awesome-css' href='https:\/\/www.sociedadchilenadelimnologia.cl\/nuevo\/wp-content\/plugins\/unlimited-elements-for-elementor\/assets_libraries\/font-awesome6\/fontawesome-all.min.css' type='text\/css' rel='stylesheet' >\n\t\t<link id='font-awesome-4-shim-css' href='https:\/\/www.sociedadchilenadelimnologia.cl\/nuevo\/wp-content\/plugins\/unlimited-elements-for-elementor\/assets_libraries\/font-awesome6\/fontawesome-v4-shims.min.css' type='text\/css' rel='stylesheet' >\n\n<style>\/* widget: Post Grid *\/\n\n\n\n#uc_post_grid_elementor_010c6cb{\n  min-height: 1px;\n}\n\n#uc_post_grid_elementor_010c6cb.uc_post_grid_style_one .uc_post_grid_style_one_wrap {\n   display:grid;\n}\n\n\n#uc_post_grid_elementor_010c6cb .uc_post_grid_style_one_item{\n  position:relative;\n}\n\n#uc_post_grid_elementor_010c6cb .uc_post_image{\n  transition:0.3s;\n  position:relative;\n  overflow:hidden;\n}\n\n#uc_post_grid_elementor_010c6cb .uc_post_image img{\n  width:100%;\n  display:block;\n  transition:0.3s;\n}\n\n\t\n\n#uc_post_grid_elementor_010c6cb .uc_post_image_overlay{\n  position:absolute;\n  top:0px;\n  left:0px;\n  height:100%;\n  width:100%;\n  transition:0.3s;\n}\n\n#uc_post_grid_elementor_010c6cb .uc_more_btn-custom-field{\n  display:inline-block;\n  text-align:center;\n  text-decoration:none;\n  transition:0.3s;\n}\n\n#uc_post_grid_elementor_010c6cb .uc_more_btn{\n  display:inline-block;\n  text-align:center;\n  text-decoration:none;\n  transition:0.3s;\n}\n\n.ue-grid-item-category a{\n  display:inline-block;\n  font-size:10px;\n  position: relative;\n  z-index: 1;\n}\n\n#uc_post_grid_elementor_010c6cb .ue-grid-item-posttype{\n  display:inline-block;\n  position: relative;\n  z-index: 1;\n}\n\n\n.uc_post_title{\n  font-size:21px;\n}\n\n\n#uc_post_grid_elementor_010c6cb.uc_post_grid_style_one.ue-list-view .uc_content{\n flex-grow:1;\n}\n\n\n  #uc_post_grid_elementor_010c6cb:not(.ue-list-view) .ue_post_grid_item{\n    display:flex;\n    flex-direction:column;\n  }\n  \n  #uc_post_grid_elementor_010c6cb.uc_post_grid_style_one:not(.ue-list-view) .uc_content{\n   flex-grow:1;\n  }\n\n  #uc_post_grid_elementor_010c6cb.uc_post_grid_style_one .uc_content > div{\n    height:100%;\n    display:flex;\n    flex-direction:column;\n      }\n\n  \n\n\n\n\n\n\n\n\n\n\n\n\n\/*  for grid\/list layout switcher*\/\n\t#uc_post_grid_elementor_010c6cb.ue-list-view .uc_post_grid_style_one_item {\n     display:flex;  \n     flex-direction:row;\n    }\n    #uc_post_grid_elementor_010c6cb.ue-list-view .uc_post_grid_style_one_item > div{\n     width:50%;\n    }\n   \n    #uc_post_grid_elementor_010c6cb.ue-list-view .uc_content    {\n      display:flex;\n      flex-direction:column;\n      justify-content:center;\n    }\n \n\/*  for grid\/list layout switcher*\/\n\n#uc_post_grid_elementor_010c6cb .ue-meta-data{  \n  display:flex !important;\n  flex-wrap: wrap;\n  line-height:1em;\n}\n\n#uc_post_grid_elementor_010c6cb .ue-grid-item-meta-data{\n  display:inline-flex;\n  align-items:center;\n}\n\n#uc_post_grid_elementor_010c6cb .ue-grid-item-meta-data a{\n  color:inherit;\n}\n\n.ue-grid-item-meta-data{\n  font-size:12px;\n}\n\n#uc_post_grid_elementor_010c6cb .ue-grid-item-meta-data-icon{\n  line-height:1em;\n}\n\n#uc_post_grid_elementor_010c6cb .ue-grid-item-meta-data-icon svg{\n  width:1em;\n  height:1em;\n}\n\n#uc_post_grid_elementor_010c6cb .ue-debug-meta{\n  padding:10px;\n  border:1px solid red;\n  position:relative;\n  line-height:1.5em;\n  font-size:11px;\n  width:100%;\n}\n\n#uc_post_grid_elementor_010c6cb .uc_btn_inner{\n  display:inline-flex;\n  align-items:center;\n  pointer-events:none;\n}\n\n#uc_post_grid_elementor_010c6cb .uc_btn_inner svg{\n  width:1em;\n  height:1em;\n}\n#uc_post_grid_elementor_010c6cb .ue_p_title{\n  pointer-events:none;\n}\n\n\n#uc_post_grid_elementor_010c6cb .uc_content_inner{\n  width: 100%;\n}\n\n\n#uc_post_grid_elementor_010c6cb .view-switcher-button{\n  display: flex;\n  align-items: center;\n}\n\n#uc_post_grid_elementor_010c6cb .view-switcher-icon{\n  display: flex;\n  align-items: center;\n  line-height: 1;\n  cursor: pointer;\n  transition: all .3s ease;\n}\n\n#uc_post_grid_elementor_010c6cb .view-switcher-icon svg{\n  height:1em;\n  width:1em;\n}\n\n#uc_post_grid_elementor_010c6cb .view-switcher-icon.ue-hidden{\n  display: none;\n}\n\n\n#uc_post_grid_elementor_010c6cb_item1 [href=\"javascript:void(0)\"]{\n  cursor: unset;\n}\n\n\n#uc_post_grid_elementor_010c6cb_item2 [href=\"javascript:void(0)\"]{\n  cursor: unset;\n}\n\n\n#uc_post_grid_elementor_010c6cb_item3 [href=\"javascript:void(0)\"]{\n  cursor: unset;\n}\n\n\n<\/style>\n\n<div id=\"uc_post_grid_elementor_010c6cb\" class=\"uc_post_grid_style_one \"  >\n  \t\n  <div class=\"uc_post_grid_style_one_wrap ue_post_grid uc-items-wrapper ue-woo-grid\">\n    \n\n\n\n\n<div id=\"uc_post_grid_elementor_010c6cb_item1\" class=\"uc_post_grid_style_one_item ue_post_grid_item ue-item \">\n  \n      <a class=\"uc_post_grid_style_one_image \" href='https:\/\/www.sociedadchilenadelimnologia.cl\/nuevo\/xviii-congreso-de-la-sociedad-chilena-de-limnologia-indicadores-ambientales-para-la-sustentabilidad-de-los-ecosistemas-acuaticos\/' target=\"_self\">\n     <div class=\"uc_post_image\">\n       <img decoding=\"async\" src=\"https:\/\/www.sociedadchilenadelimnologia.cl\/nuevo\/wp-content\/uploads\/2026\/05\/WhatsApp-Image-2026-05-13-at-10.57.26-768x512.jpeg\" alt=\"whatsapp image 2026 05 13 at 10.57.26\" width=\"768\" height=\"512\" title=\"Home\">\n       <div class=\"uc_post_image_overlay\"><\/div>\n     <\/div>\n    <\/a>\n   \n  <div class=\"uc_content\">\n    <div class=\"uc_content_inner\">\n      <div class=\"uc_content-info-wrapper\" >\n                \n                            \n        <div class=\"uc_post_title\"><a class=\"\" href='https:\/\/www.sociedadchilenadelimnologia.cl\/nuevo\/xviii-congreso-de-la-sociedad-chilena-de-limnologia-indicadores-ambientales-para-la-sustentabilidad-de-los-ecosistemas-acuaticos\/' target=\"_self\"><div class=\"ue_p_title\">XVIII Congreso de la Sociedad Chilena de Limnolog\u00eda: Indicadores Ambientales para la Sustentabilidad de los Ecosistemas Acu\u00e1ticos<\/div><\/a><\/div>\t\n                 \n          <div class=\"ue-meta-data\">\n            \n                \t    \n                \n        \n\t\n                \n                \n                \n                \n    \t\t\t\n      \n            \n  <\/div>\t\n             \n                   \n                         \n                                              \n      <\/div>                      \n                            \n \t<\/div>  <\/div>      \n        \n<\/div>\n\n\n\n\n\n<div id=\"uc_post_grid_elementor_010c6cb_item2\" class=\"uc_post_grid_style_one_item ue_post_grid_item ue-item \">\n  \n      <a class=\"uc_post_grid_style_one_image \" href='https:\/\/www.sociedadchilenadelimnologia.cl\/nuevo\/xvii-congreso-de-la-sociedad-chilena-de-limnologia-libro-de-resumenes\/' target=\"_self\">\n     <div class=\"uc_post_image\">\n       <img decoding=\"async\" src=\"https:\/\/www.sociedadchilenadelimnologia.cl\/nuevo\/wp-content\/uploads\/2024\/10\/f-u-01-768x492.jpeg\" alt=\"f-u-01\" width=\"768\" height=\"492\" title=\"Home\">\n       <div class=\"uc_post_image_overlay\"><\/div>\n     <\/div>\n    <\/a>\n   \n  <div class=\"uc_content\">\n    <div class=\"uc_content_inner\">\n      <div class=\"uc_content-info-wrapper\" >\n                \n                            \n        <div class=\"uc_post_title\"><a class=\"\" href='https:\/\/www.sociedadchilenadelimnologia.cl\/nuevo\/xvii-congreso-de-la-sociedad-chilena-de-limnologia-libro-de-resumenes\/' target=\"_self\"><div class=\"ue_p_title\">XVII Congreso de la Sociedad Chilena de Limnolog\u00eda: Libro de res\u00famenes<\/div><\/a><\/div>\t\n                 \n          <div class=\"ue-meta-data\">\n            \n                \t    \n                \n        \n\t\n                \n                \n                \n                \n    \t\t\t\n      \n            \n  <\/div>\t\n             \n                   \n                         \n                                              \n      <\/div>                      \n                            \n \t<\/div>  <\/div>      \n        \n<\/div>\n\n\n\n\n\n<div id=\"uc_post_grid_elementor_010c6cb_item3\" class=\"uc_post_grid_style_one_item ue_post_grid_item ue-item \">\n  \n      <a class=\"uc_post_grid_style_one_image \" href='https:\/\/www.sociedadchilenadelimnologia.cl\/nuevo\/primera-convocatoria-xvii-congreso-de-la-sociedad-chilena-de-limnologia-2\/' target=\"_self\">\n     <div class=\"uc_post_image\">\n       <img loading=\"lazy\" decoding=\"async\" src=\"https:\/\/www.sociedadchilenadelimnologia.cl\/nuevo\/wp-content\/uploads\/2024\/07\/banner-limno-768x224.jpg\" alt=\"banner-limno\" width=\"768\" height=\"224\" title=\"Home\">\n       <div class=\"uc_post_image_overlay\"><\/div>\n     <\/div>\n    <\/a>\n   \n  <div class=\"uc_content\">\n    <div class=\"uc_content_inner\">\n      <div class=\"uc_content-info-wrapper\" >\n                \n                            \n        <div class=\"uc_post_title\"><a class=\"\" href='https:\/\/www.sociedadchilenadelimnologia.cl\/nuevo\/primera-convocatoria-xvii-congreso-de-la-sociedad-chilena-de-limnologia-2\/' target=\"_self\"><div class=\"ue_p_title\">Segunda Convocatoria XVII Congreso de la Sociedad Chilena de Limnolog\u00eda<\/div><\/a><\/div>\t\n                 \n          <div class=\"ue-meta-data\">\n            \n                \t    \n                \n        \n\t\n                \n                \n                \n                \n    \t\t\t\n      \n            \n  <\/div>\t\n             \n                   \n                         \n                                              \n      <\/div>                      \n                            \n \t<\/div>  <\/div>      \n        \n<\/div>\n\n  <\/div>\n<\/div>\n\n  <div id=\"uc_post_grid_elementor_010c6cb_empty_message\" class=\"ue-no-posts-found\"  style=\"display:none\" >No posts found<\/div>\n\n<!-- end Post Grid -->\t\t\t\t<\/div>\n\t\t\t\t<\/div>\n\t\t\t\t<div class=\"elementor-element elementor-element-89a3511 elementor-align-justify elementor-widget__width-inherit elementor-widget elementor-widget-button\" data-id=\"89a3511\" data-element_type=\"widget\" data-e-type=\"widget\" data-widget_type=\"button.default\">\n\t\t\t\t<div class=\"elementor-widget-container\">\n\t\t\t\t\t\t\t\t\t<div class=\"elementor-button-wrapper\">\n\t\t\t\t\t<a class=\"elementor-button elementor-button-link elementor-size-sm\" href=\"\/nuevo\/archivo\">\n\t\t\t\t\t\t<span class=\"elementor-button-content-wrapper\">\n\t\t\t\t\t\t\t\t\t<span class=\"elementor-button-text\">Ver m\u00e1s<\/span>\n\t\t\t\t\t<\/span>\n\t\t\t\t\t<\/a>\n\t\t\t\t<\/div>\n\t\t\t\t\t\t\t\t<\/div>\n\t\t\t\t<\/div>\n\t\t\t\t\t<\/div>\n\t\t<\/div>\n\t\t\t\t\t<\/div>\n\t\t<\/section>\n\t\t\t\t<section class=\"elementor-section elementor-top-section elementor-element elementor-element-e1ae8a8 elementor-section-height-full elementor-section-content-middle elementor-section-stretched elementor-section-boxed elementor-section-height-default elementor-section-items-middle\" data-id=\"e1ae8a8\" data-element_type=\"section\" data-e-type=\"section\" data-settings=\"{&quot;stretch_section&quot;:&quot;section-stretched&quot;,&quot;background_background&quot;:&quot;gradient&quot;}\">\n\t\t\t\t\t\t<div class=\"elementor-container elementor-column-gap-default\">\n\t\t\t\t\t<div class=\"elementor-column elementor-col-100 elementor-top-column elementor-element elementor-element-6557d98\" data-id=\"6557d98\" data-element_type=\"column\" data-e-type=\"column\">\n\t\t\t<div class=\"elementor-widget-wrap elementor-element-populated\">\n\t\t\t\t\t\t<div class=\"elementor-element elementor-element-e292ce5 elementor-widget__width-auto elementor-widget elementor-widget-image\" data-id=\"e292ce5\" data-element_type=\"widget\" data-e-type=\"widget\" data-widget_type=\"image.default\">\n\t\t\t\t<div class=\"elementor-widget-container\">\n\t\t\t\t\t\t\t\t\t\t\t\t\t\t\t<img decoding=\"async\" src=\"https:\/\/www.sociedadchilenadelimnologia.cl\/nuevo\/wp-content\/uploads\/elementor\/thumbs\/cropped-logo-extendido-blanco-1-scaled-1-rkzta1mhyhj68i1ar6eym3a19k53vqb5x4i0rlg0g4.png\" title=\"logo extendido blanco\" alt=\"logo extendido blanco\" loading=\"lazy\" \/>\t\t\t\t\t\t\t\t\t\t\t\t\t\t\t<\/div>\n\t\t\t\t<\/div>\n\t\t\t\t<div class=\"elementor-element elementor-element-95c7036 elementor-widget elementor-widget-text-editor\" data-id=\"95c7036\" data-element_type=\"widget\" data-e-type=\"widget\" data-widget_type=\"text-editor.default\">\n\t\t\t\t<div class=\"elementor-widget-container\">\n\t\t\t\t\t\t\t\t\t<p><span style=\"color: #ffffff;\">La Sociedad Chilena de Limnolog\u00eda (SCL) re\u00fane a las personas interesadas en el avance del conocimiento sobre los procesos e interrelaciones de los ecosistemas acu\u00e1ticos continentales. La Sociedad fue fundada en octubre del a\u00f1o 2008, y agrupa diversas disciplinas de las ciencias limnol\u00f3gicas, entre ellas, biolog\u00eda, ecolog\u00eda e hidrolog\u00eda. El principal objetivo es fomentar y contribuir a la difusi\u00f3n de los estudios cient\u00edficos de los ecosistemas acu\u00e1ticos continentales, de car\u00e1cter b\u00e1sico y aplicado, generando asimismo, un espacio de intercambio de conocimiento nacional e internacional para el fomento y desarrollo de las ciencias limnol\u00f3gicas en Chile.<\/span><\/p>\t\t\t\t\t\t\t\t<\/div>\n\t\t\t\t<\/div>\n\t\t\t\t\t<\/div>\n\t\t<\/div>\n\t\t\t\t\t<\/div>\n\t\t<\/section>\n\t\t\t\t<section class=\"elementor-section elementor-top-section elementor-element elementor-element-a7c604a elementor-section-full_width elementor-section-height-default elementor-section-height-default\" data-id=\"a7c604a\" data-element_type=\"section\" data-e-type=\"section\">\n\t\t\t\t\t\t<div class=\"elementor-container elementor-column-gap-default\">\n\t\t\t\t\t<div class=\"elementor-column elementor-col-100 elementor-top-column elementor-element elementor-element-24775bc\" data-id=\"24775bc\" data-element_type=\"column\" data-e-type=\"column\">\n\t\t\t<div class=\"elementor-widget-wrap elementor-element-populated\">\n\t\t\t\t\t\t<div class=\"elementor-element elementor-element-49ae48f elementor-widget elementor-widget-prime-slider-general\" data-id=\"49ae48f\" data-element_type=\"widget\" data-e-type=\"widget\" data-widget_type=\"prime-slider-general.default\">\n\t\t\t\t<div class=\"elementor-widget-container\">\n\t\t\t\t\t\t\t<div class=\"bdt-prime-slider\">\n\t\t\t<div class=\"bdt-prime-slider-skin-general\">\n\t\t\t\t<div class=\"bdt-position-relative bdt-visible-toggle\" bdt-slideshow=\"{&quot;animation&quot;:&quot;fade&quot;,&quot;ratio&quot;:&quot;16:9&quot;,&quot;min-height&quot;:480,&quot;autoplay&quot;:true,&quot;autoplay-interval&quot;:7000,&quot;pause-on-hover&quot;:false,&quot;draggable&quot;:true,&quot;velocity&quot;:1,&quot;finite&quot;:false}\" data-settings=\"{&quot;id&quot;:&quot;#bdt-49ae48f&quot;,&quot;animation_status&quot;:&quot;no&quot;}\" id=\"bdt-49ae48f\">\n\t\t\t\t\t<ul class=\"bdt-slideshow-items\">\n\t\t\t\t\t\t\n\t\t\t<li\n\t\t\t\tclass=\"bdt-slideshow-item bdt-flex bdt-flex-middle bdt-flex-center elementor-repeater-item-ea6977e\">\n\t\t\t\t\n\t\t\t\t\t\t\t\t\t\t\t\n\t\t<div class=\"bdt-ps-slide-img\" style=\"background-image: url('https:\/\/www.sociedadchilenadelimnologia.cl\/nuevo\/wp-content\/uploads\/2026\/04\/SAVE_20210812_172532-01-scaled.jpg')\"><\/div>\n\n\t\t\t\t\t\t\t\n\t\t\t\t\t\n\t\t\t\t\n\t\t\t\t\t\t<div class=\"bdt-prime-slider-wrapper\">\n\t\t\t<div class=\"bdt-prime-slider-content\">\n\t\t\t\t<div class=\"bdt-prime-slider-desc\">\n\n\t\t\t\t\t\n\t\t\t\t\t\n\t\t\t\t\t\n\t\t\t\t\t<div data-bdt-slideshow-parallax=\"x: 150,0,-30; opacity: 1,1,0\">\n\t\t\t\t\t\t<div class=\"bdt-btn-wrapper\">\n\t\t\t\t\t\t\t\t\t\t\t\t\t<\/div>\n\t\t\t\t\t<\/div>\n\t\t\t\t<\/div>\n\n\t\t\t\t\n\t\t\t<\/div>\n\t\t<\/div>\n\t\t\t\t\t<\/li>\n\n\t\t\n\t\t\t<li\n\t\t\t\tclass=\"bdt-slideshow-item bdt-flex bdt-flex-middle bdt-flex-center elementor-repeater-item-621e133\">\n\t\t\t\t\n\t\t\t\t\t\t\t\t\t\t\t\n\t\t<div class=\"bdt-ps-slide-img\" style=\"background-image: url('https:\/\/www.sociedadchilenadelimnologia.cl\/nuevo\/wp-content\/uploads\/2026\/04\/Rio-San-Pedro_Los-bajos.jpg')\"><\/div>\n\n\t\t\t\t\t\t\t\n\t\t\t\t\t\n\t\t\t\t\n\t\t\t\t\t\t<div class=\"bdt-prime-slider-wrapper\">\n\t\t\t<div class=\"bdt-prime-slider-content bdt-prime-slider-content\">\n\t\t\t\t<div class=\"bdt-prime-slider-desc\">\n\n\t\t\t\t\t\n\t\t\t\t\t\n\t\t\t\t\t\n\t\t\t\t\t<div data-bdt-slideshow-parallax=\"x: 150,0,-30; opacity: 1,1,0\">\n\t\t\t\t\t\t<div class=\"bdt-btn-wrapper\">\n\t\t\t\t\t\t\t\t\t\t\t\t\t<\/div>\n\t\t\t\t\t<\/div>\n\t\t\t\t<\/div>\n\n\t\t\t\t\n\t\t\t<\/div>\n\t\t<\/div>\n\t\t\t\t\t<\/li>\n\n\t\t\n\t\t\t\t\t<\/ul>\n\t\t\t\t\t\n\t\t\t\t\t\t\t\t<div class=\"reveal-muted\">\n\t\t\t\t<a class=\"bdt-position-bottom-right bdt-prime-slider-previous\" href=\"#\" bdt-slidenav-previous\n\t\t\t\t\tbdt-slideshow-item=\"previous\"><\/a>\n\t\t\t\t<a class=\"bdt-position-bottom-right bdt-prime-slider-next\" href=\"#\" bdt-slidenav-next bdt-slideshow-item=\"next\"><\/a>\n\t\t\t<\/div>\n\n\t\t\n\t\t\t\t\t\t\t\n\t\t\n\t\t\t\t\t\t<\/div>\n\t\t\t\t\t\t\t\t\t\t\t<\/div>\n\t\t<\/div>\n\t\t\t\t\t\t<\/div>\n\t\t\t\t<\/div>\n\t\t\t\t<div class=\"elementor-element elementor-element-a79306c elementor-widget-divider--separator-type-pattern elementor-widget-divider--view-line elementor-widget elementor-widget-divider\" data-id=\"a79306c\" data-element_type=\"widget\" data-e-type=\"widget\" data-widget_type=\"divider.default\">\n\t\t\t\t<div class=\"elementor-widget-container\">\n\t\t\t\t\t\t\t<div class=\"elementor-divider\" style=\"--divider-pattern-url: url(&quot;data:image\/svg+xml,%3Csvg xmlns=&#039;http:\/\/www.w3.org\/2000\/svg&#039; preserveAspectRatio=&#039;none&#039; overflow=&#039;visible&#039; height=&#039;100%&#039; viewBox=&#039;0 0 24 24&#039; fill=&#039;none&#039; stroke=&#039;black&#039; stroke-width=&#039;3.5&#039; stroke-linecap=&#039;square&#039; stroke-miterlimit=&#039;10&#039;%3E%3Cpath d=&#039;M0,6c6,0,6,13,12,13S18,6,24,6&#039;\/%3E%3C\/svg%3E&quot;);\">\n\t\t\t<span class=\"elementor-divider-separator\">\n\t\t\t\t\t\t<\/span>\n\t\t<\/div>\n\t\t\t\t\t\t<\/div>\n\t\t\t\t<\/div>\n\t\t\t\t\t<\/div>\n\t\t<\/div>\n\t\t\t\t\t<\/div>\n\t\t<\/section>\n\t\t\t\t<\/div>\n\t\t","protected":false},"excerpt":{"rendered":"<p>Noticias XVIII Congreso de la Sociedad Chilena de Limnolog\u00eda: Indicadores Ambientales para la Sustentabilidad de los Ecosistemas Acu\u00e1ticos XVII Congreso de la Sociedad Chilena de Limnolog\u00eda: Libro de res\u00famenes Segunda Convocatoria XVII Congreso de la Sociedad Chilena de Limnolog\u00eda No posts found Ver m\u00e1s La Sociedad Chilena de Limnolog\u00eda (SCL) re\u00fane a las personas interesadas [&hellip;]<\/p>\n","protected":false},"author":1,"featured_media":0,"parent":0,"menu_order":0,"comment_status":"closed","ping_status":"closed","template":"","meta":{"footnotes":""},"class_list":["post-337","page","type-page","status-publish","hentry"],"_links":{"self":[{"href":"https:\/\/www.sociedadchilenadelimnologia.cl\/nuevo\/wp-json\/wp\/v2\/pages\/337","targetHints":{"allow":["GET"]}}],"collection":[{"href":"https:\/\/www.sociedadchilenadelimnologia.cl\/nuevo\/wp-json\/wp\/v2\/pages"}],"about":[{"href":"https:\/\/www.sociedadchilenadelimnologia.cl\/nuevo\/wp-json\/wp\/v2\/types\/page"}],"author":[{"embeddable":true,"href":"https:\/\/www.sociedadchilenadelimnologia.cl\/nuevo\/wp-json\/wp\/v2\/users\/1"}],"replies":[{"embeddable":true,"href":"https:\/\/www.sociedadchilenadelimnologia.cl\/nuevo\/wp-json\/wp\/v2\/comments?post=337"}],"version-history":[{"count":55,"href":"https:\/\/www.sociedadchilenadelimnologia.cl\/nuevo\/wp-json\/wp\/v2\/pages\/337\/revisions"}],"predecessor-version":[{"id":898,"href":"https:\/\/www.sociedadchilenadelimnologia.cl\/nuevo\/wp-json\/wp\/v2\/pages\/337\/revisions\/898"}],"wp:attachment":[{"href":"https:\/\/www.sociedadchilenadelimnologia.cl\/nuevo\/wp-json\/wp\/v2\/media?parent=337"}],"curies":[{"name":"wp","href":"https:\/\/api.w.org\/{rel}","templated":true}]}}