{"id":309,"date":"2017-11-14T20:44:55","date_gmt":"2017-11-14T20:44:55","guid":{"rendered":"https:\/\/www.sociedadchilenadelimnologia.cl\/nuevo\/?page_id=309"},"modified":"2026-05-13T21:12:51","modified_gmt":"2026-05-13T21:12:51","slug":"libro-de-resumenes-xiv-congreso-sociedad-chilena-de-limnologia","status":"publish","type":"page","link":"https:\/\/www.sociedadchilenadelimnologia.cl\/nuevo\/libro-de-resumenes-xiv-congreso-sociedad-chilena-de-limnologia\/","title":{"rendered":"Libro de res\u00famenes, XIV Congreso Sociedad Chilena de Limnolog\u00eda"},"content":{"rendered":"\t\t<div data-elementor-type=\"wp-page\" data-elementor-id=\"309\" class=\"elementor elementor-309 elementor-bc-flex-widget\">\n\t\t\t\t\t\t<section class=\"elementor-section elementor-top-section elementor-element elementor-element-dbe3228 elementor-section-boxed elementor-section-height-default elementor-section-height-default\" data-id=\"dbe3228\" data-element_type=\"section\" data-e-type=\"section\">\n\t\t\t\t\t\t<div class=\"elementor-container elementor-column-gap-default\">\n\t\t\t\t\t<div class=\"elementor-column elementor-col-100 elementor-top-column elementor-element elementor-element-5c14c77\" data-id=\"5c14c77\" data-element_type=\"column\" data-e-type=\"column\">\n\t\t\t<div class=\"elementor-widget-wrap elementor-element-populated\">\n\t\t\t\t\t\t<div class=\"elementor-element elementor-element-2503200 elementor-view-default elementor-position-block-start elementor-mobile-position-block-start elementor-widget elementor-widget-icon-box\" data-id=\"2503200\" data-element_type=\"widget\" data-e-type=\"widget\" data-widget_type=\"icon-box.default\">\n\t\t\t\t<div class=\"elementor-widget-container\">\n\t\t\t\t\t\t\t<div class=\"elementor-icon-box-wrapper\">\n\n\t\t\t\t\t\t<div class=\"elementor-icon-box-icon\">\n\t\t\t\t<a href=\"https:\/\/www.sociedadchilenadelimnologia.cl\/nuevo\/wp-content\/uploads\/2017\/11\/Libro-de-Resu\u0301menes.pdf\" class=\"elementor-icon\" tabindex=\"-1\" aria-label=\"Libro de res\u00famenes\">\n\t\t\t\t<i class=\"fa fa-file-pdf-o\" aria-hidden=\"true\"><\/i>\t\t\t\t<\/a>\n\t\t\t<\/div>\n\t\t\t\n\t\t\t\t\t\t<div class=\"elementor-icon-box-content\">\n\n\t\t\t\t\t\t\t\t\t<h3 class=\"elementor-icon-box-title\">\n\t\t\t\t\t\t<a href=\"https:\/\/www.sociedadchilenadelimnologia.cl\/nuevo\/wp-content\/uploads\/2017\/11\/Libro-de-Resu\u0301menes.pdf\" >\n\t\t\t\t\t\t\tLibro de res\u00famenes\t\t\t\t\t\t<\/a>\n\t\t\t\t\t<\/h3>\n\t\t\t\t\n\t\t\t\t\t\t\t\t\t<p class=\"elementor-icon-box-description\">\n\t\t\t\t\t\tClick aqu\u00ed para descargar el libro de res\u00famenes del XIV Congreso de Sociedad Chilena de Limnolog\u00eda, organizado por el Instituto de Fomento Pesquero el pasado 23, 24 y 25 de octubre de 2017 en Puerto Montt, Chile.\t\t\t\t\t<\/p>\n\t\t\t\t\n\t\t\t<\/div>\n\t\t\t\n\t\t<\/div>\n\t\t\t\t\t\t<\/div>\n\t\t\t\t<\/div>\n\t\t\t\t\t<\/div>\n\t\t<\/div>\n\t\t\t\t\t<\/div>\n\t\t<\/section>\n\t\t\t\t<section class=\"elementor-section elementor-top-section elementor-element elementor-element-cb6668a elementor-section-boxed elementor-section-height-default elementor-section-height-default\" data-id=\"cb6668a\" data-element_type=\"section\" data-e-type=\"section\">\n\t\t\t\t\t\t<div class=\"elementor-container elementor-column-gap-default\">\n\t\t\t\t\t<div class=\"elementor-column elementor-col-100 elementor-top-column elementor-element elementor-element-3e83821\" data-id=\"3e83821\" data-element_type=\"column\" data-e-type=\"column\">\n\t\t\t<div class=\"elementor-widget-wrap elementor-element-populated\">\n\t\t\t\t\t\t<div class=\"elementor-element elementor-element-509444a elementor-align-center elementor-widget elementor-widget-button\" data-id=\"509444a\" data-element_type=\"widget\" data-e-type=\"widget\" data-widget_type=\"button.default\">\n\t\t\t\t<div class=\"elementor-widget-container\">\n\t\t\t\t\t\t\t\t\t<div class=\"elementor-button-wrapper\">\n\t\t\t\t\t<a class=\"elementor-button elementor-button-link elementor-size-sm\" href=\"https:\/\/www.sociedadchilenadelimnologia.cl\/nuevo\/imagenes\/\">\n\t\t\t\t\t\t<span class=\"elementor-button-content-wrapper\">\n\t\t\t\t\t\t\t\t\t<span class=\"elementor-button-text\">Haz click para ver las fotograf\u00edas del evento<\/span>\n\t\t\t\t\t<\/span>\n\t\t\t\t\t<\/a>\n\t\t\t\t<\/div>\n\t\t\t\t\t\t\t\t<\/div>\n\t\t\t\t<\/div>\n\t\t\t\t\t<\/div>\n\t\t<\/div>\n\t\t\t\t\t<\/div>\n\t\t<\/section>\n\t\t\t\t<\/div>\n\t\t","protected":false},"excerpt":{"rendered":"<p>Libro de res\u00famenes Click aqu\u00ed para descargar el libro de res\u00famenes del XIV Congreso de Sociedad Chilena de Limnolog\u00eda, organizado por el Instituto de Fomento Pesquero el pasado 23, 24 y 25 de octubre de 2017 en Puerto Montt, Chile. Haz click para ver las fotograf\u00edas del evento<\/p>\n","protected":false},"author":1,"featured_media":0,"parent":0,"menu_order":0,"comment_status":"closed","ping_status":"closed","template":"","meta":{"footnotes":""},"class_list":["post-309","page","type-page","status-publish","hentry"],"_links":{"self":[{"href":"https:\/\/www.sociedadchilenadelimnologia.cl\/nuevo\/wp-json\/wp\/v2\/pages\/309","targetHints":{"allow":["GET"]}}],"collection":[{"href":"https:\/\/www.sociedadchilenadelimnologia.cl\/nuevo\/wp-json\/wp\/v2\/pages"}],"about":[{"href":"https:\/\/www.sociedadchilenadelimnologia.cl\/nuevo\/wp-json\/wp\/v2\/types\/page"}],"author":[{"embeddable":true,"href":"https:\/\/www.sociedadchilenadelimnologia.cl\/nuevo\/wp-json\/wp\/v2\/users\/1"}],"replies":[{"embeddable":true,"href":"https:\/\/www.sociedadchilenadelimnologia.cl\/nuevo\/wp-json\/wp\/v2\/comments?post=309"}],"version-history":[{"count":2,"href":"https:\/\/www.sociedadchilenadelimnologia.cl\/nuevo\/wp-json\/wp\/v2\/pages\/309\/revisions"}],"predecessor-version":[{"id":313,"href":"https:\/\/www.sociedadchilenadelimnologia.cl\/nuevo\/wp-json\/wp\/v2\/pages\/309\/revisions\/313"}],"wp:attachment":[{"href":"https:\/\/www.sociedadchilenadelimnologia.cl\/nuevo\/wp-json\/wp\/v2\/media?parent=309"}],"curies":[{"name":"wp","href":"https:\/\/api.w.org\/{rel}","templated":true}]}}