{"id":17,"date":"2016-10-21T22:12:34","date_gmt":"2016-10-21T22:12:34","guid":{"rendered":"https:\/\/www.sociedadchilenadelimnologia.cl\/nuevo\/?page_id=17"},"modified":"2026-05-13T21:12:51","modified_gmt":"2026-05-13T21:12:51","slug":"organizacion","status":"publish","type":"page","link":"https:\/\/www.sociedadchilenadelimnologia.cl\/nuevo\/organizacion\/","title":{"rendered":"Organizaci\u00f3n"},"content":{"rendered":"<p style=\"text-align: justify;\">El objetivo de la Sociedad Chilena de Limnolog\u00eda (ex Comit\u00e9 Limnol\u00f3gico Nacional), es la investigaci\u00f3n, fomento, difusi\u00f3n y aplicaci\u00f3n, del conocimiento de los ecosistemas acu\u00e1ticos continentales de Chile. Entre las m\u00faltiples actividades que desarrolla esta Sociedad, destacan las siguientes:<\/p>\n<p style=\"text-align: justify;\">Promover y difundir el conocimiento sobre los ecosistemas acu\u00e1ticos continentales de Chile, adem\u00e1s del intercambio de informaci\u00f3n, con otras organizaciones nacionales, extranjeras o internacionales, gubernamentales o privadas, a trav\u00e9s de informes t\u00e9cnicos, publicaciones cient\u00edficas, talleres y congresos.<\/p>\n<p style=\"text-align: justify;\">Participar en el desarrollo y coordinaci\u00f3n de proyectos cient\u00edficos en el campo de la limnolog\u00eda, as\u00ed como en la redacci\u00f3n y elaboraci\u00f3n de cuerpos de normas regulatorios de las actividades relacionadas con los sistemas acu\u00e1ticos continentales.<\/p>\n<p style=\"text-align: justify;\">Emitir opiniones, informes cient\u00edficos y t\u00e9cnicos, sobre el estado y tendencias de los cuerpos acu\u00e1ticos y recomendar medidas de manejo.<\/p>\n<p style=\"text-align: justify;\">Promoci\u00f3n de iniciativas legislativas orientadas al conocimiento y protecci\u00f3n de los ecosistemas acu\u00e1ticos continentales chilenos, propendiendo a su utilizaci\u00f3n racional de modo que no se altere su estado de conservaci\u00f3n.<\/p>\n<p style=\"text-align: justify;\"><strong>Sociedad Chilena de Limnolog\u00eda<\/strong><\/p>\n<ul>\n<li style=\"text-align: justify;\"><strong>RUT:<\/strong> 65.030.973-1<\/li>\n<li style=\"text-align: justify;\"><strong>Direcci\u00f3n:<\/strong> Los Helechos 720, Valdivia<\/li>\n<li><strong>Representante Legal:<\/strong> Dr. Stefan W\u00f6lfl<\/li>\n<\/ul>\n<p>&nbsp;<\/p>\n","protected":false},"excerpt":{"rendered":"<p>El objetivo de la Sociedad Chilena de Limnolog\u00eda (ex Comit\u00e9 Limnol\u00f3gico Nacional), es la investigaci\u00f3n, fomento, difusi\u00f3n y aplicaci\u00f3n, del conocimiento de los ecosistemas acu\u00e1ticos continentales de Chile. Entre las m\u00faltiples actividades que desarrolla esta Sociedad, destacan las siguientes: Promover y difundir el conocimiento sobre los ecosistemas acu\u00e1ticos continentales de Chile, adem\u00e1s del intercambio de [&hellip;]<\/p>\n","protected":false},"author":1,"featured_media":0,"parent":0,"menu_order":0,"comment_status":"closed","ping_status":"closed","template":"","meta":{"footnotes":""},"class_list":["post-17","page","type-page","status-publish","hentry"],"_links":{"self":[{"href":"https:\/\/www.sociedadchilenadelimnologia.cl\/nuevo\/wp-json\/wp\/v2\/pages\/17","targetHints":{"allow":["GET"]}}],"collection":[{"href":"https:\/\/www.sociedadchilenadelimnologia.cl\/nuevo\/wp-json\/wp\/v2\/pages"}],"about":[{"href":"https:\/\/www.sociedadchilenadelimnologia.cl\/nuevo\/wp-json\/wp\/v2\/types\/page"}],"author":[{"embeddable":true,"href":"https:\/\/www.sociedadchilenadelimnologia.cl\/nuevo\/wp-json\/wp\/v2\/users\/1"}],"replies":[{"embeddable":true,"href":"https:\/\/www.sociedadchilenadelimnologia.cl\/nuevo\/wp-json\/wp\/v2\/comments?post=17"}],"version-history":[{"count":2,"href":"https:\/\/www.sociedadchilenadelimnologia.cl\/nuevo\/wp-json\/wp\/v2\/pages\/17\/revisions"}],"predecessor-version":[{"id":144,"href":"https:\/\/www.sociedadchilenadelimnologia.cl\/nuevo\/wp-json\/wp\/v2\/pages\/17\/revisions\/144"}],"wp:attachment":[{"href":"https:\/\/www.sociedadchilenadelimnologia.cl\/nuevo\/wp-json\/wp\/v2\/media?parent=17"}],"curies":[{"name":"wp","href":"https:\/\/api.w.org\/{rel}","templated":true}]}}