{"id":15,"date":"2016-10-21T22:11:53","date_gmt":"2016-10-21T22:11:53","guid":{"rendered":"https:\/\/www.sociedadchilenadelimnologia.cl\/nuevo\/?page_id=15"},"modified":"2026-05-13T21:12:51","modified_gmt":"2026-05-13T21:12:51","slug":"mision-y-vision","status":"publish","type":"page","link":"https:\/\/www.sociedadchilenadelimnologia.cl\/nuevo\/mision-y-vision\/","title":{"rendered":"Misi\u00f3n y Visi\u00f3n"},"content":{"rendered":"<p><span style=\"text-decoration: underline;\"><strong>MISI\u00d3N<\/strong> <\/span><br \/>\nDesarrollar en Chile la investigaci\u00f3n y aplicaci\u00f3n del conocimiento de los ecosistemas acu\u00e1ticos continentales e insulares, como a su vez, su fomento y difusi\u00f3n.-<\/p>\n<p><strong><span style=\"text-decoration: underline;\">VISION<\/span> <\/strong><br \/>\nEspacio de intercambio de conocimiento nacional e internacional para el fomento y desarrollo de las ciencias Limnol\u00f3gicas en Chile.-<\/p>\n","protected":false},"excerpt":{"rendered":"<p>MISI\u00d3N Desarrollar en Chile la investigaci\u00f3n y aplicaci\u00f3n del conocimiento de los ecosistemas acu\u00e1ticos continentales e insulares, como a su vez, su fomento y difusi\u00f3n.- VISION Espacio de intercambio de conocimiento nacional e internacional para el fomento y desarrollo de las ciencias Limnol\u00f3gicas en Chile.-<\/p>\n","protected":false},"author":1,"featured_media":0,"parent":0,"menu_order":0,"comment_status":"closed","ping_status":"closed","template":"","meta":{"footnotes":""},"class_list":["post-15","page","type-page","status-publish","hentry"],"_links":{"self":[{"href":"https:\/\/www.sociedadchilenadelimnologia.cl\/nuevo\/wp-json\/wp\/v2\/pages\/15","targetHints":{"allow":["GET"]}}],"collection":[{"href":"https:\/\/www.sociedadchilenadelimnologia.cl\/nuevo\/wp-json\/wp\/v2\/pages"}],"about":[{"href":"https:\/\/www.sociedadchilenadelimnologia.cl\/nuevo\/wp-json\/wp\/v2\/types\/page"}],"author":[{"embeddable":true,"href":"https:\/\/www.sociedadchilenadelimnologia.cl\/nuevo\/wp-json\/wp\/v2\/users\/1"}],"replies":[{"embeddable":true,"href":"https:\/\/www.sociedadchilenadelimnologia.cl\/nuevo\/wp-json\/wp\/v2\/comments?post=15"}],"version-history":[{"count":1,"href":"https:\/\/www.sociedadchilenadelimnologia.cl\/nuevo\/wp-json\/wp\/v2\/pages\/15\/revisions"}],"predecessor-version":[{"id":16,"href":"https:\/\/www.sociedadchilenadelimnologia.cl\/nuevo\/wp-json\/wp\/v2\/pages\/15\/revisions\/16"}],"wp:attachment":[{"href":"https:\/\/www.sociedadchilenadelimnologia.cl\/nuevo\/wp-json\/wp\/v2\/media?parent=15"}],"curies":[{"name":"wp","href":"https:\/\/api.w.org\/{rel}","templated":true}]}}